{"id":33325,"date":"2022-01-30T20:57:37","date_gmt":"2022-01-30T12:57:37","guid":{"rendered":"https:\/\/www.fxtourte.hk\/accueil\/"},"modified":"2023-02-15T23:44:16","modified_gmt":"2023-02-15T15:44:16","slug":"accueil","status":"publish","type":"page","link":"https:\/\/www.fxtourte.hk\/fr\/","title":{"rendered":"ACCUEIL"},"content":{"rendered":"<p>[et_pb_section fb_built=\u00a0\u00bb1&Prime; fullwidth=\u00a0\u00bbon\u00a0\u00bb _builder_version=\u00a0\u00bb4.16&Prime; global_colors_info=\u00a0\u00bb{}\u00a0\u00bb][et_pb_fullwidth_image src=\u00a0\u00bbhttps:\/\/www.fxtourte.hk\/wp-content\/uploads\/2020\/05\/676-Tourte-tet-logo-red-30-scaled.jpg\u00a0\u00bb title_text=\u00a0\u00bb676 Tourte tet logo rouge 30&Prime; _builder_version=\u00a0\u00bb4.16&Prime; custom_margin=\u00a0\u00bb0px||||false|false\u00a0\u00bb custom_margin_tablet=\u00a0\u00bb10px||10px||true|false\u00a0\u00bb custom_margin_phone=\u00a0\u00bb10%||5%||false|false\u00a0\u00bb custom_margin_last_edited=\u00a0\u00bbon|phone\u00a0\u00bb global_colors_info=\u00a0\u00bb{}\u00a0\u00bb][\/et_pb_fullwidth_image][\/et_pb_section][et_pb_section fb_built=\u00a0\u00bb1&Prime; _builder_version=\u00a0\u00bb4.16&Prime; background_color=\u00a0\u00bb#f2f2f2&Prime; custom_padding=\u00a0\u00bb0px||0px|||\u00a0\u00bb module_alignment_tablet=\u00a0\u00bb\u00a0\u00bb module_alignment_phone=\u00a0\u00bb\u00a0\u00bb module_alignment_last_edited=\u00a0\u00bbon|phone\u00a0\u00bb global_colors_info=\u00a0\u00bb{}\u00a0\u00bb][et_pb_row _builder_version=\u00a0\u00bb4.16&Prime; width=\u00a0\u00bb100%\u00a0\u00bb max_width=\u00a0\u00bb1920px\u00a0\u00bb global_colors_info=\u00a0\u00bb{}\u00a0\u00bb][et_pb_column type=\u00a0\u00bb4_4&Prime; _builder_version=\u00a0\u00bb4.16&Prime; custom_padding=\u00a0\u00bb|||\u00a0\u00bb global_colors_info=\u00a0\u00bb{}\u00a0\u00bb custom_padding__hover=\u00a0\u00bb|||\u00a0\u00bb][et_pb_text _builder_version=\u00a0\u00bb4.16&Prime; text_font=\u00a0\u00bbTimes New Roman||||||||\u00a0\u00bb text_text_color=\u00a0\u00bb#7d181e\u00a0\u00bb text_font_size=\u00a0\u00bb27px\u00a0\u00bb header_font_size=\u00a0\u00bb40px\u00a0\u00bb text_orientation=\u00a0\u00bbcenter\u00a0\u00bb custom_margin=\u00a0\u00bb20px||20px||true|false\u00a0\u00bb custom_margin_tablet=\u00a0\u00bb20px|15px|20px|15px|true|true\u00a0\u00bb custom_margin_phone=\u00a0\u00bb20px|15px|20px|15px|true|true\u00a0\u00bb custom_margin_last_edited=\u00a0\u00bbon|phone\u00a0\u00bb custom_padding=\u00a0\u00bb||||false|false\u00a0\u00bb text_letter_spacing_tablet=\u00a0\u00bb\u00a0\u00bb text_letter_spacing_phone=\u00a0\u00bb0px\u00a0\u00bb text_letter_spacing_last_edited=\u00a0\u00bbon|phone\u00a0\u00bb text_line_height_tablet=\u00a0\u00bb1.3em\u00a0\u00bb text_line_height_phone=\u00a0\u00bb\u00a0\u00bb text_line_height_last_edited=\u00a0\u00bbon|phone\u00a0\u00bb global_colors_info=\u00a0\u00bb{}\u00a0\u00bb]<\/p>\n<h1><span style=\"color: #800000;\">BIENVENUE<\/span><\/h1>\n<p><span style=\"color: #800000;\"><\/span><\/p>\n<p><span style=\"color: #800000;\">FX TOURTE HONG KONG Ltd. est une soci\u00e9t\u00e9 sp\u00e9cialis\u00e9e dans les archets fran\u00e7ais d&rsquo;exception.<\/span><\/p>\n<p>[\/et_pb_text][\/et_pb_column][\/et_pb_row][\/et_pb_section][et_pb_section fb_built=\u00a0\u00bb1&Prime; fullwidth=\u00a0\u00bbon\u00a0\u00bb _builder_version=\u00a0\u00bb4.16&Prime; global_colors_info=\u00a0\u00bb{}\u00a0\u00bb][et_pb_fullwidth_image src=\u00a0\u00bbhttps:\/\/www.fxtourte.hk\/wp-content\/uploads\/2020\/05\/676-Tourte-tal-logo-red-30-scaled.jpg\u00a0\u00bb title_text=\u00a0\u00bb676 Tourte tal logo rouge 30&Prime; _builder_version=\u00a0\u00bb4.16&Prime; custom_margin=\u00a0\u00bb0px||0px||false|false\u00a0\u00bb custom_margin_tablet=\u00a0\u00bb10px||10px||true|false\u00a0\u00bb custom_margin_phone=\u00a0\u00bb5%||10px||false|false\u00a0\u00bb custom_margin_last_edited=\u00a0\u00bbon|phone\u00a0\u00bb global_colors_info=\u00a0\u00bb{}\u00a0\u00bb][\/et_pb_fullwidth_image][et_pb_fullwidth_header text_orientation=\u00a0\u00bbcenter\u00a0\u00bb _builder_version=\u00a0\u00bb4.19.5&Prime; _module_preset=\u00a0\u00bbdefault\u00a0\u00bb content_text_color=\u00a0\u00bb#7d181e\u00a0\u00bb content_font_size=\u00a0\u00bb9px\u00a0\u00bb content_line_height=\u00a0\u00bb1em\u00a0\u00bb background_color=\u00a0\u00bb#f2f2f2&Prime; custom_margin=\u00a0\u00bb5%||||false|false\u00a0\u00bb custom_margin_tablet=\u00a0\u00bb5%||||false|false\u00a0\u00bb custom_margin_phone=\u00a0\u00bb10%||||false|false\u00a0\u00bb custom_margin_last_edited=\u00a0\u00bbon|desktop\u00a0\u00bb custom_padding=\u00a0\u00bb0%||0%||false|false\u00a0\u00bb hover_enabled=\u00a0\u00bb0&Prime; content_font_size_tablet=\u00a0\u00bb5px\u00a0\u00bb content_font_size_phone=\u00a0\u00bb5px\u00a0\u00bb content_font_size_last_edited=\u00a0\u00bbon|tablet\u00a0\u00bb global_colors_info=\u00a0\u00bb{}\u00a0\u00bb sticky_enabled=\u00a0\u00bb0&Prime;]<\/p>\n<p><span>Tout contenu du site ne peut \u00eatre reproduit, copi\u00e9, \u00e9dit\u00e9, publi\u00e9, transmis ou t\u00e9l\u00e9charg\u00e9 de quelque mani\u00e8re que ce soit sans l&rsquo;autorisation \u00e9crite du propri\u00e9taire. \u00a9 FX TOURTE HONG KONG Ltd. 2023<\/span><\/p>\n<p>[\/et_pb_fullwidth_header][\/et_pb_section]<\/p>\n","protected":false},"excerpt":{"rendered":"<p>BIENVENUE FX TOURTE HONG KONG Ltd. est une soci\u00e9t\u00e9 sp\u00e9cialis\u00e9e dans les archets fran\u00e7ais d&rsquo;exception.Tout contenu du site ne peut \u00eatre reproduit, copi\u00e9, \u00e9dit\u00e9, publi\u00e9, transmis ou t\u00e9l\u00e9charg\u00e9 de quelque mani\u00e8re que ce soit sans l&rsquo;autorisation \u00e9crite du propri\u00e9taire. \u00a9 FX TOURTE HONG KONG Ltd. 2023<\/p>\n","protected":false},"author":1,"featured_media":0,"parent":0,"menu_order":0,"comment_status":"closed","ping_status":"closed","template":"","meta":{"_et_pb_use_builder":"on","_et_pb_old_content":"","_et_gb_content_width":"","footnotes":""},"class_list":["post-33325","page","type-page","status-publish","hentry"],"jetpack_sharing_enabled":true,"_links":{"self":[{"href":"https:\/\/www.fxtourte.hk\/fr\/wp-json\/wp\/v2\/pages\/33325","targetHints":{"allow":["GET"]}}],"collection":[{"href":"https:\/\/www.fxtourte.hk\/fr\/wp-json\/wp\/v2\/pages"}],"about":[{"href":"https:\/\/www.fxtourte.hk\/fr\/wp-json\/wp\/v2\/types\/page"}],"author":[{"embeddable":true,"href":"https:\/\/www.fxtourte.hk\/fr\/wp-json\/wp\/v2\/users\/1"}],"replies":[{"embeddable":true,"href":"https:\/\/www.fxtourte.hk\/fr\/wp-json\/wp\/v2\/comments?post=33325"}],"version-history":[{"count":8,"href":"https:\/\/www.fxtourte.hk\/fr\/wp-json\/wp\/v2\/pages\/33325\/revisions"}],"predecessor-version":[{"id":41500,"href":"https:\/\/www.fxtourte.hk\/fr\/wp-json\/wp\/v2\/pages\/33325\/revisions\/41500"}],"wp:attachment":[{"href":"https:\/\/www.fxtourte.hk\/fr\/wp-json\/wp\/v2\/media?parent=33325"}],"curies":[{"name":"wp","href":"https:\/\/api.w.org\/{rel}","templated":true}]}}